{"id":88,"date":"2026-03-09T18:34:21","date_gmt":"2026-03-09T17:34:21","guid":{"rendered":"https:\/\/etudiant1.webuco.fr\/?page_id=88"},"modified":"2026-03-09T19:55:37","modified_gmt":"2026-03-09T18:55:37","slug":"lina-kayser","status":"publish","type":"page","link":"https:\/\/etudiant1.webuco.fr\/index.php\/les-artistes\/lina-kayser\/","title":{"rendered":"Lina Kayser"},"content":{"rendered":"\n<div class=\"wp-block-cover alignfull\"><img loading=\"lazy\" decoding=\"async\" width=\"1024\" height=\"819\" class=\"wp-block-cover__image-background wp-image-51 size-large\" alt=\"\" src=\"https:\/\/etudiant1.webuco.fr\/wp-content\/uploads\/2026\/03\/2022_profile-artist_Emma_Sarpaniemi_Two_Ways_to_Carry_a_Cauliflower_featured-1024x819.jpg\" data-object-fit=\"cover\" srcset=\"https:\/\/etudiant1.webuco.fr\/wp-content\/uploads\/2026\/03\/2022_profile-artist_Emma_Sarpaniemi_Two_Ways_to_Carry_a_Cauliflower_featured-1024x819.jpg 1024w, https:\/\/etudiant1.webuco.fr\/wp-content\/uploads\/2026\/03\/2022_profile-artist_Emma_Sarpaniemi_Two_Ways_to_Carry_a_Cauliflower_featured-300x240.jpg 300w, https:\/\/etudiant1.webuco.fr\/wp-content\/uploads\/2026\/03\/2022_profile-artist_Emma_Sarpaniemi_Two_Ways_to_Carry_a_Cauliflower_featured-768x614.jpg 768w, https:\/\/etudiant1.webuco.fr\/wp-content\/uploads\/2026\/03\/2022_profile-artist_Emma_Sarpaniemi_Two_Ways_to_Carry_a_Cauliflower_featured-1536x1229.jpg 1536w, https:\/\/etudiant1.webuco.fr\/wp-content\/uploads\/2026\/03\/2022_profile-artist_Emma_Sarpaniemi_Two_Ways_to_Carry_a_Cauliflower_featured.jpg 1920w\" sizes=\"auto, (max-width: 1024px) 100vw, 1024px\" \/><span aria-hidden=\"true\" class=\"wp-block-cover__background has-contrast-background-color has-background-dim\"><\/span><div class=\"wp-block-cover__inner-container is-layout-constrained wp-block-cover-is-layout-constrained\">\n<h1 class=\"gb-text gb-text-730f967c\">Lina Kayser<\/h1>\n\n\n\n<h4 class=\"gb-text gb-text-14577909\">Danemark<\/h4>\n<\/div><\/div>\n\n\n\n<div class=\"gb-element-11bd567e\">\n<div class=\"gb-element-a392ad80\" style=\"--inline-bg-image: url(https:\/\/etudiant1.webuco.fr\/wp-content\/uploads\/2026\/03\/emma-sarpaniemi-selfportrait-as-a-cloudberry-castl.jpg)\"><\/div>\n\n\n\n<div>\n<h2 class=\"gb-text\">Une artiste danoise<\/h2>\n\n\n\n<p>Lina Kayser est une photographe norv\u00e9gienne sp\u00e9cialis\u00e9e dans la photographie de la nature sauvage et de la faune. Passionn\u00e9e par les grands espaces nordiques, elle capture principalement les paysages nordiques et arctiques, ainsi que les animaux qui y vivent. Son travail se concentre sur des r\u00e9gions telles que la Norv\u00e8ge, l\u2019Islande et l\u2019archipel des Lofoten, des lieux r\u00e9put\u00e9s pour leurs paysages \u00e9poustouflants et leurs conditions climatiques extr\u00eames.<\/p>\n\n\n\n<p>Les photographies de Lina Kayser se caract\u00e9risent par une ambiance douce et po\u00e9tique, avec une utilisation subtile de la lumi\u00e8re naturelle pour cr\u00e9er des sc\u00e8nes atmosph\u00e9riques et captivantes. Elle parvient \u00e0 saisir la tranquillit\u00e9 des environnements sauvages tout en mettant en avant la faune locale, comme les oiseaux de mer, les rennes et les renards polaires. Son approche met l\u2019accent sur le respect de la nature et la conservation, refl\u00e9tant son profond amour pour ces \u00e9cosyst\u00e8mes vuln\u00e9rables.<\/p>\n\n\n\n<p>En plus de sa photographie, Lina est active dans la cr\u00e9ation de contenu visuel pour des marques et des entreprises li\u00e9es \u00e0 la nature et \u00e0 l\u2019aventure. Elle partage \u00e9galement ses voyages et ses exp\u00e9riences \u00e0 travers les r\u00e9seaux sociaux, o\u00f9 elle inspire une large communaut\u00e9 d\u2019amateurs de nature et de photographie.<\/p>\n<\/div>\n\n\n\n<div>\n<h2 class=\"gb-text\">Autoportraits<\/h2>\n\n\n\n<p>Les photographies de Lina Kayser se caract\u00e9risent par une ambiance douce et po\u00e9tique, avec une utilisation subtile de la lumi\u00e8re naturelle pour cr\u00e9er des sc\u00e8nes atmosph\u00e9riques et captivantes. Elle parvient \u00e0 saisir la tranquillit\u00e9 des environnements sauvages tout en mettant en avant la faune locale, comme les oiseaux de mer, les rennes et les renards polaires. Son approche met l\u2019accent sur le respect de la nature et la conservation, refl\u00e9tant son profond amour pour ces \u00e9cosyst\u00e8mes vuln\u00e9rables.<\/p>\n\n\n\n<p>En plus de sa photographie, Lina est active dans la cr\u00e9ation de contenu visuel pour des marques et des entreprises li\u00e9es \u00e0 la nature et \u00e0 l\u2019aventure. Elle partage \u00e9galement ses voyages et ses exp\u00e9riences \u00e0 travers les r\u00e9seaux sociaux, o\u00f9 elle inspire une large communaut\u00e9 d\u2019amateurs de nature et de photographie.<\/p>\n<\/div>\n\n\n\n<div class=\"gb-element-f39e98f3\" style=\"--inline-bg-image: url(https:\/\/etudiant1.webuco.fr\/wp-content\/uploads\/2026\/03\/emma-sarpaniemi-self-portrait-as-cindy-fisheye-819x1024-1.jpg)\"><\/div>\n<\/div>\n\n\n\n<figure class=\"wp-block-embed is-type-video is-provider-youtube wp-block-embed-youtube wp-embed-aspect-16-9 wp-has-aspect-ratio\"><div class=\"wp-block-embed__wrapper\">\n<iframe loading=\"lazy\" title=\"Shenseea - Hit &amp; Run ft. Masicka, Di Genius\" width=\"1200\" height=\"675\" src=\"https:\/\/www.youtube.com\/embed\/rJwEphsNVH8?feature=oembed\" frameborder=\"0\" allow=\"accelerometer; autoplay; clipboard-write; encrypted-media; gyroscope; picture-in-picture; web-share\" referrerpolicy=\"strict-origin-when-cross-origin\" allowfullscreen><\/iframe>\n<\/div><\/figure>\n","protected":false},"excerpt":{"rendered":"<p>Une artiste danoise Lina Kayser est une photographe norv\u00e9gienne sp\u00e9cialis\u00e9e dans la photographie de la nature sauvage et de la faune. Passionn\u00e9e par les grands espaces nordiques, elle capture principalement les paysages nordiques et arctiques, ainsi que les animaux qui y vivent. Son travail se concentre sur des r\u00e9gions telles que la Norv\u00e8ge, l\u2019Islande et &#8230; <a title=\"Lina Kayser\" class=\"read-more\" href=\"https:\/\/etudiant1.webuco.fr\/index.php\/les-artistes\/lina-kayser\/\" aria-label=\"Read more about Lina Kayser\">Read more<\/a><\/p>\n","protected":false},"author":1,"featured_media":0,"parent":12,"menu_order":0,"comment_status":"closed","ping_status":"closed","template":"","meta":{"footnotes":""},"class_list":["post-88","page","type-page","status-publish"],"_links":{"self":[{"href":"https:\/\/etudiant1.webuco.fr\/index.php\/wp-json\/wp\/v2\/pages\/88","targetHints":{"allow":["GET"]}}],"collection":[{"href":"https:\/\/etudiant1.webuco.fr\/index.php\/wp-json\/wp\/v2\/pages"}],"about":[{"href":"https:\/\/etudiant1.webuco.fr\/index.php\/wp-json\/wp\/v2\/types\/page"}],"author":[{"embeddable":true,"href":"https:\/\/etudiant1.webuco.fr\/index.php\/wp-json\/wp\/v2\/users\/1"}],"replies":[{"embeddable":true,"href":"https:\/\/etudiant1.webuco.fr\/index.php\/wp-json\/wp\/v2\/comments?post=88"}],"version-history":[{"count":10,"href":"https:\/\/etudiant1.webuco.fr\/index.php\/wp-json\/wp\/v2\/pages\/88\/revisions"}],"predecessor-version":[{"id":102,"href":"https:\/\/etudiant1.webuco.fr\/index.php\/wp-json\/wp\/v2\/pages\/88\/revisions\/102"}],"up":[{"embeddable":true,"href":"https:\/\/etudiant1.webuco.fr\/index.php\/wp-json\/wp\/v2\/pages\/12"}],"wp:attachment":[{"href":"https:\/\/etudiant1.webuco.fr\/index.php\/wp-json\/wp\/v2\/media?parent=88"}],"curies":[{"name":"wp","href":"https:\/\/api.w.org\/{rel}","templated":true}]}}